{"id":2786,"date":"2020-01-14T18:39:38","date_gmt":"2020-01-14T21:39:38","guid":{"rendered":"http:\/\/imagevox.com.br\/novo\/?page_id=2786"},"modified":"2025-01-21T18:48:08","modified_gmt":"2025-01-21T21:48:08","slug":"institucional","status":"publish","type":"page","link":"https:\/\/imagevox.com.br\/novo\/institucional\/","title":{"rendered":"Institucional"},"content":{"rendered":"<div class=\"wpb-content-wrapper\"><p>[vc_row][vc_column][vc_row_inner][vc_column_inner width=&#8221;2\/3&#8243;][vc_column_text]<\/p>\n<h3 style=\"text-align: left; font-size: 30px;\"><span style=\"color: #252122; line-height: 1;\">Sobre a <span style=\"color: #252122;\">Advansat<\/span><\/span><\/h3>\n<p>[\/vc_column_text][vc_separator][vc_column_text]O Grupo Advansat atua no mercado brasileiro h\u00e1 quase duas d\u00e9cadas, fornecendo linha completa de produtos para recep\u00e7\u00e3o de sinais de TV por sat\u00e9lite e terrestre, e \u00e9 refer\u00eancia no mercado para as empresas de comunica\u00e7\u00e3o.<\/p>\n<p>Com sede administrativa na Grande S\u00e3o Paulo, no munic\u00edpio de Mau\u00e1, a Advansat expandiu suas opera\u00e7\u00f5es para fazer frente a uma demanda cada vez mais crescente por produtos e tecnologias inovadoras, possui uma equipe de vendas interna e representantes comerciais, garantindo total cobertura e assist\u00eancia aos seus produtos em todo o territ\u00f3rio nacional.<\/p>\n<p>Fazendo o presente, mas sempre olhando para o futuro e para novas demandas do mercado, o Grupo Advansat est\u00e1 em constante movimento, sempre buscando inova\u00e7\u00e3o e novas tecnologias atrav\u00e9s de parcerias com universidades e institui\u00e7\u00f5es renomadas no Brasil, o que nos faz olhar para o futuro, sempre na busca de sermos o melhor e maior fornecedor do mercado para o nosso segmento.<\/p>\n<p>A Advansat \u00e9 uma empresa certificada pela Iso9001, possuindo r\u00edgidos controles de qualidade implementados, viabilizando uma produ\u00e7\u00e3o em larga escala.<\/p>\n<p>Contribuindo para um mundo mais sustent\u00e1vel, a Advansat se preocupa em gerar o m\u00ednimo de res\u00edduos desde o administrativo at\u00e9 o seu processo produtivo, possuindo algumas iniciativas internas que fazem parte de nossa responsabilidade e compromisso com o meio ambiente.[\/vc_column_text][\/vc_column_inner][vc_column_inner width=&#8221;1\/3&#8243;][vc_single_image image=&#8221;2826&#8243; img_size=&#8221;full&#8221; alignment=&#8221;center&#8221;][vc_single_image image=&#8221;2831&#8243; img_size=&#8221;full&#8221; alignment=&#8221;center&#8221;][\/vc_column_inner][\/vc_row_inner][\/vc_column][\/vc_row][vc_row][vc_column][vc_video link=&#8221;https:\/\/www.youtube.com\/watch?v=SFtpX2mZNPs&#8221; align=&#8221;center&#8221;][\/vc_column][\/vc_row][vc_row][vc_column][vc_column_text]<\/p>\n<h3 style=\"text-align: left; font-size: 18px;\"><span style=\"color: #252122; line-height: 1;\">Unidades <span style=\"color: #252122;\">Advansat<\/span><\/span><\/h3>\n<p>[\/vc_column_text][vc_separator][vc_row_inner][vc_column_inner width=&#8221;1\/2&#8243;][vc_column_text]<\/p>\n<h3 style=\"text-align: left; font-size: 14px;\"><span style=\"color: #252122; line-height: 1;\">FILIAL SANTA CATARINA<\/span><\/h3>\n<p>[\/vc_column_text][vc_column_text]A filial em Itaja\u00ed, em Santa Catarina, opera em um dos maiores polos log\u00edsticos e industriais da regi\u00e3o, e com f\u00e1cil acesso a BR 101 no subdistrito de Salseiros, gozando de todos os benef\u00edcios do Estado de Santa Catarina para a importa\u00e7\u00e3o de seus produtos.[\/vc_column_text][\/vc_column_inner][vc_column_inner width=&#8221;1\/2&#8243;][vc_column_text]<\/p>\n<h3 style=\"text-align: left; font-size: 14px;\"><span style=\"color: #252122; line-height: 1;\">FILIAL MINAS GERAIS<\/span><\/h3>\n<p>[\/vc_column_text][vc_column_text]A produ\u00e7\u00e3o \u00e9 feita na unidade de Minas Gerias em um pr\u00e9dio de 4.000 m\u00b2. Esta planta possui 03 linhas completas de antena de UHF\/VHF com capacidade para 50.000 antenas\/m\u00eas, 02 linhas de produ\u00e7\u00e3o de antenas parab\u00f3licas com capacidade de 50.000 antenas\/m\u00eas, al\u00e9m uma linha de cabo coaxiais que permitem 1.500.00 metros\/m\u00eas e 03 linhas de montagem eletr\u00f4nica.[\/vc_column_text][\/vc_column_inner][\/vc_row_inner][\/vc_column][\/vc_row][vc_row][vc_column][vc_column_text]<\/p>\n<h3 style=\"text-align: left; font-size: 18px;\"><span style=\"color: #252122; line-height: 1;\"><span style=\"color: #252122;\">Advansat<\/span> Internacional<\/span><\/h3>\n<p>[\/vc_column_text][vc_separator][vc_column_text]Al\u00e9m de sua estrutura no Brasil, possui escrit\u00f3rio na \u00c1sia, na privilegiada Ba\u00eda de Hong Kong, a Buildsat Hong Kong Co., que qualifica os fornecedores e garante a qualidade de todas as pe\u00e7as importadas pela Advansat.<\/p>\n<p>Tamb\u00e9m na \u00c1sia o grupo Advansat possui 30% da SAT TECH na China na cidade de Shenzhen, que produz a linha de componentes eletr\u00f4nicos, possuindo uma engenharia pr\u00f3pria, garantindo a qualidade das pe\u00e7as e componentes importados, utilizados no Brasil pela Advansat.[\/vc_column_text][\/vc_column][\/vc_row][vc_row full_width=&#8221;stretch_row&#8221; css=&#8221;.vc_custom_1579038544949{margin-bottom: -36px !important;padding-top: 30px !important;padding-bottom: 30px !important;background-color: #f4f4f4 !important;}&#8221;][vc_column][vc_column_text]<\/p>\n<p style=\"text-align: center;\"><a href=\"https:\/\/imagevox.com.br\/\/novo\/wp-content\/uploads\/2020\/03\/Cert_9001_20.02.2020.pdf\" target=\"_blank\" rel=\"noopener\"><img loading=\"lazy\" decoding=\"async\" class=\"aligncenter wp-image-2828 size-full\" src=\"https:\/\/imagevox.com.br\/novo\/wp-content\/uploads\/2020\/02\/image003.png\" alt=\"\" width=\"120\" height=\"115\" \/><\/a><\/p>\n<p style=\"text-align: center;\">A Advansat implantou e utiliza um sistema de Gest\u00e3o da Qualidade em seus processos e produtos, garantindo qualidade em seus produtos.<\/p>\n<p>[\/vc_column_text][\/vc_column][\/vc_row]<\/p>\n<\/div>","protected":false},"excerpt":{"rendered":"<p>[vc_row][vc_column][vc_row_inner][vc_column_inner width=&#8221;2\/3&#8243;][vc_column_text] Sobre a Advansat [\/vc_column_text][vc_separator][vc_column_text]O Grupo Advansat atua no mercado brasileiro h\u00e1 quase duas d\u00e9cadas, fornecendo linha completa de produtos para recep\u00e7\u00e3o de sinais de TV por sat\u00e9lite e terrestre, e \u00e9 refer\u00eancia no mercado para as empresas de comunica\u00e7\u00e3o. Com sede administrativa na Grande S\u00e3o Paulo, no munic\u00edpio de Mau\u00e1, a Advansat expandiu [&hellip;]<\/p>\n","protected":false},"author":1,"featured_media":0,"parent":0,"menu_order":0,"comment_status":"closed","ping_status":"closed","template":"","meta":{"footnotes":""},"class_list":["post-2786","page","type-page","status-publish","hentry"],"_links":{"self":[{"href":"https:\/\/imagevox.com.br\/novo\/wp-json\/wp\/v2\/pages\/2786","targetHints":{"allow":["GET"]}}],"collection":[{"href":"https:\/\/imagevox.com.br\/novo\/wp-json\/wp\/v2\/pages"}],"about":[{"href":"https:\/\/imagevox.com.br\/novo\/wp-json\/wp\/v2\/types\/page"}],"author":[{"embeddable":true,"href":"https:\/\/imagevox.com.br\/novo\/wp-json\/wp\/v2\/users\/1"}],"replies":[{"embeddable":true,"href":"https:\/\/imagevox.com.br\/novo\/wp-json\/wp\/v2\/comments?post=2786"}],"version-history":[{"count":6,"href":"https:\/\/imagevox.com.br\/novo\/wp-json\/wp\/v2\/pages\/2786\/revisions"}],"predecessor-version":[{"id":2928,"href":"https:\/\/imagevox.com.br\/novo\/wp-json\/wp\/v2\/pages\/2786\/revisions\/2928"}],"wp:attachment":[{"href":"https:\/\/imagevox.com.br\/novo\/wp-json\/wp\/v2\/media?parent=2786"}],"curies":[{"name":"wp","href":"https:\/\/api.w.org\/{rel}","templated":true}]}}