{"id":2804,"date":"2020-02-18T11:30:49","date_gmt":"2020-02-18T14:30:49","guid":{"rendered":"http:\/\/imagevox.com.br\/novo\/?page_id=2804"},"modified":"2020-03-05T11:14:43","modified_gmt":"2020-03-05T14:14:43","slug":"nossas-marcas-e-parcerias","status":"publish","type":"page","link":"https:\/\/imagevox.com.br\/novo\/institucional\/nossas-marcas-e-parcerias\/","title":{"rendered":"Nossas Marcas e Parcerias"},"content":{"rendered":"<div class=\"wpb-content-wrapper\"><p>[vc_row][vc_column][vc_column_text]<\/p>\n<h3 style=\"text-align: left; font-size: 30px;\"><span style=\"color: #eb6b22; line-height: 1;\">Nossas Marcas e Parcerias<\/span><\/h3>\n<p>[\/vc_column_text][vc_separator][vc_row_inner][vc_column_inner width=&#8221;1\/3&#8243;][\/vc_column_inner][vc_column_inner width=&#8221;1\/3&#8243;][vc_single_image image=&#8221;2605&#8243; img_size=&#8221;medium&#8221; alignment=&#8221;center&#8221;][\/vc_column_inner][vc_column_inner width=&#8221;1\/3&#8243;][\/vc_column_inner][\/vc_row_inner][vc_column_text]<\/p>\n<p style=\"text-align: center;\"><span style=\"text-align: center;\">E \u00e9 atrav\u00e9s de sua marca devidamente registrada, a <strong>IMAGEVOX<\/strong>, que atende ao mercado de varejo, distribui\u00e7\u00e3o e magazines.<\/span><\/p>\n<p>[\/vc_column_text][vc_row_inner][vc_column_inner width=&#8221;1\/4&#8243;][\/vc_column_inner][vc_column_inner width=&#8221;1\/4&#8243;][vc_single_image image=&#8221;2607&#8243; img_size=&#8221;medium&#8221; alignment=&#8221;center&#8221;][\/vc_column_inner][vc_column_inner width=&#8221;1\/4&#8243;][vc_single_image image=&#8221;2818&#8243; img_size=&#8221;medium&#8221; alignment=&#8221;center&#8221;][\/vc_column_inner][vc_column_inner width=&#8221;1\/4&#8243;][\/vc_column_inner][\/vc_row_inner][vc_column_text]<\/p>\n<p style=\"text-align: center;\"><span style=\"text-align: center;\">Recentemente registrou sua nova marca a <strong>SENSORLUX<\/strong> e <strong>ADVANFIBER<\/strong>.<\/span><\/p>\n<p>[\/vc_column_text][vc_row_inner][vc_column_inner width=&#8221;1\/4&#8243;][\/vc_column_inner][vc_column_inner width=&#8221;1\/4&#8243;][vc_single_image image=&#8221;2606&#8243; img_size=&#8221;medium&#8221; alignment=&#8221;center&#8221;][\/vc_column_inner][vc_column_inner width=&#8221;1\/4&#8243;][vc_single_image image=&#8221;2608&#8243; img_size=&#8221;medium&#8221; alignment=&#8221;center&#8221;][\/vc_column_inner][vc_column_inner width=&#8221;1\/4&#8243;][\/vc_column_inner][\/vc_row_inner][vc_column_text]<\/p>\n<p style=\"text-align: center;\"><span style=\"text-align: center;\">Al\u00e9m disso, a Advansat vem buscando inovar e diversificar a sua linha de produtos, buscando sempre parcerias com grandes nomes da ind\u00fastria.<\/span><\/p>\n<p>[\/vc_column_text][\/vc_column][\/vc_row]<\/p>\n<\/div>","protected":false},"excerpt":{"rendered":"<p>[vc_row][vc_column][vc_column_text] Nossas Marcas e Parcerias [\/vc_column_text][vc_separator][vc_row_inner][vc_column_inner width=&#8221;1\/3&#8243;][\/vc_column_inner][vc_column_inner width=&#8221;1\/3&#8243;][vc_single_image image=&#8221;2605&#8243; img_size=&#8221;medium&#8221; alignment=&#8221;center&#8221;][\/vc_column_inner][vc_column_inner width=&#8221;1\/3&#8243;][\/vc_column_inner][\/vc_row_inner][vc_column_text] E \u00e9 atrav\u00e9s de sua marca devidamente registrada, a IMAGEVOX, que atende ao mercado de varejo, distribui\u00e7\u00e3o e magazines. [\/vc_column_text][vc_row_inner][vc_column_inner width=&#8221;1\/4&#8243;][\/vc_column_inner][vc_column_inner width=&#8221;1\/4&#8243;][vc_single_image image=&#8221;2607&#8243; img_size=&#8221;medium&#8221; alignment=&#8221;center&#8221;][\/vc_column_inner][vc_column_inner width=&#8221;1\/4&#8243;][vc_single_image image=&#8221;2818&#8243; img_size=&#8221;medium&#8221; alignment=&#8221;center&#8221;][\/vc_column_inner][vc_column_inner width=&#8221;1\/4&#8243;][\/vc_column_inner][\/vc_row_inner][vc_column_text] Recentemente registrou sua nova marca a SENSORLUX e ADVANFIBER. [\/vc_column_text][vc_row_inner][vc_column_inner width=&#8221;1\/4&#8243;][\/vc_column_inner][vc_column_inner width=&#8221;1\/4&#8243;][vc_single_image image=&#8221;2606&#8243; [&hellip;]<\/p>\n","protected":false},"author":1,"featured_media":0,"parent":2786,"menu_order":0,"comment_status":"closed","ping_status":"closed","template":"","meta":{"footnotes":""},"class_list":["post-2804","page","type-page","status-publish","hentry"],"_links":{"self":[{"href":"https:\/\/imagevox.com.br\/novo\/wp-json\/wp\/v2\/pages\/2804","targetHints":{"allow":["GET"]}}],"collection":[{"href":"https:\/\/imagevox.com.br\/novo\/wp-json\/wp\/v2\/pages"}],"about":[{"href":"https:\/\/imagevox.com.br\/novo\/wp-json\/wp\/v2\/types\/page"}],"author":[{"embeddable":true,"href":"https:\/\/imagevox.com.br\/novo\/wp-json\/wp\/v2\/users\/1"}],"replies":[{"embeddable":true,"href":"https:\/\/imagevox.com.br\/novo\/wp-json\/wp\/v2\/comments?post=2804"}],"version-history":[{"count":5,"href":"https:\/\/imagevox.com.br\/novo\/wp-json\/wp\/v2\/pages\/2804\/revisions"}],"predecessor-version":[{"id":2841,"href":"https:\/\/imagevox.com.br\/novo\/wp-json\/wp\/v2\/pages\/2804\/revisions\/2841"}],"up":[{"embeddable":true,"href":"https:\/\/imagevox.com.br\/novo\/wp-json\/wp\/v2\/pages\/2786"}],"wp:attachment":[{"href":"https:\/\/imagevox.com.br\/novo\/wp-json\/wp\/v2\/media?parent=2804"}],"curies":[{"name":"wp","href":"https:\/\/api.w.org\/{rel}","templated":true}]}}